{"id":842,"date":"2022-09-08T05:56:49","date_gmt":"2022-09-08T05:56:49","guid":{"rendered":"https:\/\/www.nalahealth.dog\/no\/?post_type=product&#038;p=842"},"modified":"2026-04-13T16:48:49","modified_gmt":"2026-04-13T14:48:49","slug":"senior-og-lite-alle-raser","status":"publish","type":"product","link":"https:\/\/www.nalahealth.dog\/no\/shop\/hundemat\/senior-og-lite-alle-raser\/","title":{"rendered":"Senior og LITE alle raser"},"content":{"rendered":"","protected":false},"excerpt":{"rendered":"","protected":false},"featured_media":5164,"comment_status":"open","ping_status":"closed","template":"","meta":{"_acf_changed":false,"inline_featured_image":false},"product_brand":[],"product_cat":[35],"product_tag":[],"class_list":{"0":"post-842","1":"product","2":"type-product","3":"status-publish","4":"has-post-thumbnail","6":"product_cat-hundemat","7":"has-subscription-plans","9":"first","10":"instock","11":"taxable","12":"shipping-taxable","13":"purchasable","14":"product-type-variable"},"bundled_by":[],"bundle_stock_status":"instock","bundle_stock_quantity":null,"bundle_virtual":false,"bundle_layout":"","bundle_add_to_cart_form_location":"","bundle_editable_in_cart":false,"bundle_sold_individually_context":"","bundle_item_grouping":"","bundle_min_size":"","bundle_max_size":"","bundle_price":[],"bundled_items":[],"bundle_sell_ids":[],"yoast_head":"<!-- This site is optimized with the Yoast SEO plugin v25.9 - https:\/\/yoast.com\/wordpress\/plugins\/seo\/ -->\n<title>Senior og LITE alle raser - Nala Health<\/title>\n<meta name=\"description\" content=\"Fullverdig, b\u00e6rekraftig og balansert hundemat best\u00e5ende av insektprotein, glutenfrie urkorn, gr\u00f8nnsaker, essensielle oljer og plante-ekstrakter.\" \/>\n<meta name=\"robots\" content=\"index, follow, max-snippet:-1, max-image-preview:large, max-video-preview:-1\" \/>\n<link rel=\"canonical\" href=\"https:\/\/www.nalahealth.dog\/no\/shop\/hundemat\/senior-og-lite-alle-raser\/\" \/>\n<meta property=\"og:locale\" content=\"nb_NO\" \/>\n<meta property=\"og:type\" content=\"article\" \/>\n<meta property=\"og:title\" content=\"Senior og LITE alle raser - Nala Health\" \/>\n<meta property=\"og:description\" content=\"Fullverdig, b\u00e6rekraftig og balansert hundemat best\u00e5ende av insektprotein, glutenfrie urkorn, gr\u00f8nnsaker, essensielle oljer og plante-ekstrakter.\" \/>\n<meta property=\"og:url\" content=\"https:\/\/www.nalahealth.dog\/no\/shop\/hundemat\/senior-og-lite-alle-raser\/\" \/>\n<meta property=\"og:site_name\" content=\"Nala Health\" \/>\n<meta property=\"article:publisher\" content=\"https:\/\/www.facebook.com\/nala.health\" \/>\n<meta property=\"article:modified_time\" content=\"2026-04-13T14:48:49+00:00\" \/>\n<meta property=\"og:image\" content=\"https:\/\/www.nalahealth.dog\/no\/app\/uploads\/2022\/09\/3-2.png\" \/>\n\t<meta property=\"og:image:width\" content=\"514\" \/>\n\t<meta property=\"og:image:height\" content=\"954\" \/>\n\t<meta property=\"og:image:type\" content=\"image\/png\" \/>\n<meta name=\"twitter:card\" content=\"summary_large_image\" \/>\n<meta name=\"twitter:label1\" content=\"Est. reading time\" \/>\n\t<meta name=\"twitter:data1\" content=\"1 minutt\" \/>\n<script type=\"application\/ld+json\" class=\"yoast-schema-graph\">{\"@context\":\"https:\/\/schema.org\",\"@graph\":[{\"@type\":\"WebPage\",\"@id\":\"https:\/\/www.nalahealth.dog\/no\/shop\/hundemat\/senior-og-lite-alle-raser\/\",\"url\":\"https:\/\/www.nalahealth.dog\/no\/shop\/hundemat\/senior-og-lite-alle-raser\/\",\"name\":\"Senior og LITE alle raser - Nala Health\",\"isPartOf\":{\"@id\":\"https:\/\/www.nalahealth.dog\/no\/#website\"},\"primaryImageOfPage\":{\"@id\":\"https:\/\/www.nalahealth.dog\/no\/shop\/hundemat\/senior-og-lite-alle-raser\/#primaryimage\"},\"image\":{\"@id\":\"https:\/\/www.nalahealth.dog\/no\/shop\/hundemat\/senior-og-lite-alle-raser\/#primaryimage\"},\"thumbnailUrl\":\"https:\/\/www.nalahealth.dog\/no\/app\/uploads\/2022\/09\/3-2.png\",\"datePublished\":\"2022-09-08T05:56:49+00:00\",\"dateModified\":\"2026-04-13T14:48:49+00:00\",\"description\":\"Fullverdig, b\u00e6rekraftig og balansert hundemat best\u00e5ende av insektprotein, glutenfrie urkorn, gr\u00f8nnsaker, essensielle oljer og plante-ekstrakter.\",\"breadcrumb\":{\"@id\":\"https:\/\/www.nalahealth.dog\/no\/shop\/hundemat\/senior-og-lite-alle-raser\/#breadcrumb\"},\"inLanguage\":\"nb-NO\",\"potentialAction\":[{\"@type\":\"ReadAction\",\"target\":[\"https:\/\/www.nalahealth.dog\/no\/shop\/hundemat\/senior-og-lite-alle-raser\/\"]}]},{\"@type\":\"ImageObject\",\"inLanguage\":\"nb-NO\",\"@id\":\"https:\/\/www.nalahealth.dog\/no\/shop\/hundemat\/senior-og-lite-alle-raser\/#primaryimage\",\"url\":\"https:\/\/www.nalahealth.dog\/no\/app\/uploads\/2022\/09\/3-2.png\",\"contentUrl\":\"https:\/\/www.nalahealth.dog\/no\/app\/uploads\/2022\/09\/3-2.png\",\"width\":514,\"height\":954,\"caption\":\"Senior og vektkontroll\"},{\"@type\":\"BreadcrumbList\",\"@id\":\"https:\/\/www.nalahealth.dog\/no\/shop\/hundemat\/senior-og-lite-alle-raser\/#breadcrumb\",\"itemListElement\":[{\"@type\":\"ListItem\",\"position\":1,\"name\":\"Home\",\"item\":\"https:\/\/www.nalahealth.dog\/no\/\"},{\"@type\":\"ListItem\",\"position\":2,\"name\":\"Shop\",\"item\":\"https:\/\/www.nalahealth.dog\/no\/shop\/\"},{\"@type\":\"ListItem\",\"position\":3,\"name\":\"Senior og LITE alle raser\"}]},{\"@type\":\"WebSite\",\"@id\":\"https:\/\/www.nalahealth.dog\/no\/#website\",\"url\":\"https:\/\/www.nalahealth.dog\/no\/\",\"name\":\"Nala Health\",\"description\":\"En sunn hund er en glad hund\",\"publisher\":{\"@id\":\"https:\/\/www.nalahealth.dog\/no\/#organization\"},\"potentialAction\":[{\"@type\":\"SearchAction\",\"target\":{\"@type\":\"EntryPoint\",\"urlTemplate\":\"https:\/\/www.nalahealth.dog\/no\/?s={search_term_string}\"},\"query-input\":{\"@type\":\"PropertyValueSpecification\",\"valueRequired\":true,\"valueName\":\"search_term_string\"}}],\"inLanguage\":\"nb-NO\"},{\"@type\":\"Organization\",\"@id\":\"https:\/\/www.nalahealth.dog\/no\/#organization\",\"name\":\"Nala Health\",\"url\":\"https:\/\/www.nalahealth.dog\/no\/\",\"logo\":{\"@type\":\"ImageObject\",\"inLanguage\":\"nb-NO\",\"@id\":\"https:\/\/www.nalahealth.dog\/no\/#\/schema\/logo\/image\/\",\"url\":\"https:\/\/www.nalahealth.dog\/no\/app\/uploads\/2022\/04\/cropped-logo_landscape.png\",\"contentUrl\":\"https:\/\/www.nalahealth.dog\/no\/app\/uploads\/2022\/04\/cropped-logo_landscape.png\",\"width\":171,\"height\":60,\"caption\":\"Nala Health\"},\"image\":{\"@id\":\"https:\/\/www.nalahealth.dog\/no\/#\/schema\/logo\/image\/\"},\"sameAs\":[\"https:\/\/www.facebook.com\/nala.health\"]}]}<\/script>\n<!-- \/ Yoast SEO plugin. -->","yoast_head_json":{"title":"Senior og LITE alle raser - Nala Health","description":"Fullverdig, b\u00e6rekraftig og balansert hundemat best\u00e5ende av insektprotein, glutenfrie urkorn, gr\u00f8nnsaker, essensielle oljer og plante-ekstrakter.","robots":{"index":"index","follow":"follow","max-snippet":"max-snippet:-1","max-image-preview":"max-image-preview:large","max-video-preview":"max-video-preview:-1"},"canonical":"https:\/\/www.nalahealth.dog\/no\/shop\/hundemat\/senior-og-lite-alle-raser\/","og_locale":"nb_NO","og_type":"article","og_title":"Senior og LITE alle raser - Nala Health","og_description":"Fullverdig, b\u00e6rekraftig og balansert hundemat best\u00e5ende av insektprotein, glutenfrie urkorn, gr\u00f8nnsaker, essensielle oljer og plante-ekstrakter.","og_url":"https:\/\/www.nalahealth.dog\/no\/shop\/hundemat\/senior-og-lite-alle-raser\/","og_site_name":"Nala Health","article_publisher":"https:\/\/www.facebook.com\/nala.health","article_modified_time":"2026-04-13T14:48:49+00:00","og_image":[{"width":514,"height":954,"url":"https:\/\/www.nalahealth.dog\/no\/app\/uploads\/2022\/09\/3-2.png","type":"image\/png"}],"twitter_card":"summary_large_image","twitter_misc":{"Est. reading time":"1 minutt"},"schema":{"@context":"https:\/\/schema.org","@graph":[{"@type":"WebPage","@id":"https:\/\/www.nalahealth.dog\/no\/shop\/hundemat\/senior-og-lite-alle-raser\/","url":"https:\/\/www.nalahealth.dog\/no\/shop\/hundemat\/senior-og-lite-alle-raser\/","name":"Senior og LITE alle raser - Nala Health","isPartOf":{"@id":"https:\/\/www.nalahealth.dog\/no\/#website"},"primaryImageOfPage":{"@id":"https:\/\/www.nalahealth.dog\/no\/shop\/hundemat\/senior-og-lite-alle-raser\/#primaryimage"},"image":{"@id":"https:\/\/www.nalahealth.dog\/no\/shop\/hundemat\/senior-og-lite-alle-raser\/#primaryimage"},"thumbnailUrl":"https:\/\/www.nalahealth.dog\/no\/app\/uploads\/2022\/09\/3-2.png","datePublished":"2022-09-08T05:56:49+00:00","dateModified":"2026-04-13T14:48:49+00:00","description":"Fullverdig, b\u00e6rekraftig og balansert hundemat best\u00e5ende av insektprotein, glutenfrie urkorn, gr\u00f8nnsaker, essensielle oljer og plante-ekstrakter.","breadcrumb":{"@id":"https:\/\/www.nalahealth.dog\/no\/shop\/hundemat\/senior-og-lite-alle-raser\/#breadcrumb"},"inLanguage":"nb-NO","potentialAction":[{"@type":"ReadAction","target":["https:\/\/www.nalahealth.dog\/no\/shop\/hundemat\/senior-og-lite-alle-raser\/"]}]},{"@type":"ImageObject","inLanguage":"nb-NO","@id":"https:\/\/www.nalahealth.dog\/no\/shop\/hundemat\/senior-og-lite-alle-raser\/#primaryimage","url":"https:\/\/www.nalahealth.dog\/no\/app\/uploads\/2022\/09\/3-2.png","contentUrl":"https:\/\/www.nalahealth.dog\/no\/app\/uploads\/2022\/09\/3-2.png","width":514,"height":954,"caption":"Senior og vektkontroll"},{"@type":"BreadcrumbList","@id":"https:\/\/www.nalahealth.dog\/no\/shop\/hundemat\/senior-og-lite-alle-raser\/#breadcrumb","itemListElement":[{"@type":"ListItem","position":1,"name":"Home","item":"https:\/\/www.nalahealth.dog\/no\/"},{"@type":"ListItem","position":2,"name":"Shop","item":"https:\/\/www.nalahealth.dog\/no\/shop\/"},{"@type":"ListItem","position":3,"name":"Senior og LITE alle raser"}]},{"@type":"WebSite","@id":"https:\/\/www.nalahealth.dog\/no\/#website","url":"https:\/\/www.nalahealth.dog\/no\/","name":"Nala Health","description":"En sunn hund er en glad hund","publisher":{"@id":"https:\/\/www.nalahealth.dog\/no\/#organization"},"potentialAction":[{"@type":"SearchAction","target":{"@type":"EntryPoint","urlTemplate":"https:\/\/www.nalahealth.dog\/no\/?s={search_term_string}"},"query-input":{"@type":"PropertyValueSpecification","valueRequired":true,"valueName":"search_term_string"}}],"inLanguage":"nb-NO"},{"@type":"Organization","@id":"https:\/\/www.nalahealth.dog\/no\/#organization","name":"Nala Health","url":"https:\/\/www.nalahealth.dog\/no\/","logo":{"@type":"ImageObject","inLanguage":"nb-NO","@id":"https:\/\/www.nalahealth.dog\/no\/#\/schema\/logo\/image\/","url":"https:\/\/www.nalahealth.dog\/no\/app\/uploads\/2022\/04\/cropped-logo_landscape.png","contentUrl":"https:\/\/www.nalahealth.dog\/no\/app\/uploads\/2022\/04\/cropped-logo_landscape.png","width":171,"height":60,"caption":"Nala Health"},"image":{"@id":"https:\/\/www.nalahealth.dog\/no\/#\/schema\/logo\/image\/"},"sameAs":["https:\/\/www.facebook.com\/nala.health"]}]}},"acf":[],"_links":{"self":[{"href":"https:\/\/www.nalahealth.dog\/no\/wp-json\/wp\/v2\/product\/842","targetHints":{"allow":["GET"]}}],"collection":[{"href":"https:\/\/www.nalahealth.dog\/no\/wp-json\/wp\/v2\/product"}],"about":[{"href":"https:\/\/www.nalahealth.dog\/no\/wp-json\/wp\/v2\/types\/product"}],"replies":[{"embeddable":true,"href":"https:\/\/www.nalahealth.dog\/no\/wp-json\/wp\/v2\/comments?post=842"}],"wp:featuredmedia":[{"embeddable":true,"href":"https:\/\/www.nalahealth.dog\/no\/wp-json\/wp\/v2\/media\/5164"}],"wp:attachment":[{"href":"https:\/\/www.nalahealth.dog\/no\/wp-json\/wp\/v2\/media?parent=842"}],"wp:term":[{"taxonomy":"product_brand","embeddable":true,"href":"https:\/\/www.nalahealth.dog\/no\/wp-json\/wp\/v2\/product_brand?post=842"},{"taxonomy":"product_cat","embeddable":true,"href":"https:\/\/www.nalahealth.dog\/no\/wp-json\/wp\/v2\/product_cat?post=842"},{"taxonomy":"product_tag","embeddable":true,"href":"https:\/\/www.nalahealth.dog\/no\/wp-json\/wp\/v2\/product_tag?post=842"}],"curies":[{"name":"wp","href":"https:\/\/api.w.org\/{rel}","templated":true}]}}