{"id":8626,"date":"2026-02-26T08:49:12","date_gmt":"2026-02-26T07:49:12","guid":{"rendered":"https:\/\/www.nalahealth.dog\/no\/?page_id=8626"},"modified":"2026-02-26T09:26:30","modified_gmt":"2026-02-26T08:26:30","slug":"hund-klor-mye","status":"publish","type":"page","link":"https:\/\/www.nalahealth.dog\/no\/hund-klor-mye\/","title":{"rendered":"Hund kl\u00f8r mye"},"content":{"rendered":"","protected":false},"excerpt":{"rendered":"","protected":false},"author":2,"featured_media":1131,"parent":0,"menu_order":0,"comment_status":"closed","ping_status":"closed","template":"templates\/dynamic.blade.php","meta":{"_acf_changed":false,"inline_featured_image":false,"footnotes":""},"class_list":["post-8626","page","type-page","status-publish","has-post-thumbnail","hentry"],"yoast_head":"<!-- This site is optimized with the Yoast SEO plugin v25.9 - https:\/\/yoast.com\/wordpress\/plugins\/seo\/ -->\n<title>Hund kl\u00f8r mye | Nala Health<\/title>\n<meta name=\"description\" content=\"Hvis hunden din kl\u00f8r hele tiden, er du ikke alene. Vedvarende kl\u00f8e er et av de vanligste tegnene p\u00e5 f\u00f4rintoleranser og ubalanse i tarmen.\" \/>\n<meta name=\"robots\" content=\"index, follow, max-snippet:-1, max-image-preview:large, max-video-preview:-1\" \/>\n<link rel=\"canonical\" href=\"https:\/\/www.nalahealth.dog\/no\/hund-klor-mye\/\" \/>\n<meta property=\"og:locale\" content=\"nb_NO\" \/>\n<meta property=\"og:type\" content=\"article\" \/>\n<meta property=\"og:title\" content=\"Hund kl\u00f8r mye | Nala Health\" \/>\n<meta property=\"og:description\" content=\"Hvis hunden din kl\u00f8r hele tiden, er du ikke alene. Vedvarende kl\u00f8e er et av de vanligste tegnene p\u00e5 f\u00f4rintoleranser og ubalanse i tarmen.\" \/>\n<meta property=\"og:url\" content=\"https:\/\/www.nalahealth.dog\/no\/hund-klor-mye\/\" \/>\n<meta property=\"og:site_name\" content=\"Nala Health\" \/>\n<meta property=\"article:publisher\" content=\"https:\/\/www.facebook.com\/nala.health\" \/>\n<meta property=\"article:modified_time\" content=\"2026-02-26T08:26:30+00:00\" \/>\n<meta property=\"og:image\" content=\"https:\/\/www.nalahealth.dog\/no\/app\/uploads\/2022\/09\/NH-Logo-low-kb.png\" \/>\n\t<meta property=\"og:image:width\" content=\"450\" \/>\n\t<meta property=\"og:image:height\" content=\"525\" \/>\n\t<meta property=\"og:image:type\" content=\"image\/png\" \/>\n<meta name=\"twitter:card\" content=\"summary_large_image\" \/>\n<meta name=\"twitter:label1\" content=\"Est. reading time\" \/>\n\t<meta name=\"twitter:data1\" content=\"1 minutt\" \/>\n<script type=\"application\/ld+json\" class=\"yoast-schema-graph\">{\"@context\":\"https:\/\/schema.org\",\"@graph\":[{\"@type\":\"WebPage\",\"@id\":\"https:\/\/www.nalahealth.dog\/no\/hund-klor-mye\/\",\"url\":\"https:\/\/www.nalahealth.dog\/no\/hund-klor-mye\/\",\"name\":\"Hund kl\u00f8r mye | Nala Health\",\"isPartOf\":{\"@id\":\"https:\/\/www.nalahealth.dog\/no\/#website\"},\"primaryImageOfPage\":{\"@id\":\"https:\/\/www.nalahealth.dog\/no\/hund-klor-mye\/#primaryimage\"},\"image\":{\"@id\":\"https:\/\/www.nalahealth.dog\/no\/hund-klor-mye\/#primaryimage\"},\"thumbnailUrl\":\"https:\/\/www.nalahealth.dog\/no\/app\/uploads\/2022\/09\/NH-Logo-low-kb.png\",\"datePublished\":\"2026-02-26T07:49:12+00:00\",\"dateModified\":\"2026-02-26T08:26:30+00:00\",\"description\":\"Hvis hunden din kl\u00f8r hele tiden, er du ikke alene. Vedvarende kl\u00f8e er et av de vanligste tegnene p\u00e5 f\u00f4rintoleranser og ubalanse i tarmen.\",\"breadcrumb\":{\"@id\":\"https:\/\/www.nalahealth.dog\/no\/hund-klor-mye\/#breadcrumb\"},\"inLanguage\":\"nb-NO\",\"potentialAction\":[{\"@type\":\"ReadAction\",\"target\":[\"https:\/\/www.nalahealth.dog\/no\/hund-klor-mye\/\"]}]},{\"@type\":\"ImageObject\",\"inLanguage\":\"nb-NO\",\"@id\":\"https:\/\/www.nalahealth.dog\/no\/hund-klor-mye\/#primaryimage\",\"url\":\"https:\/\/www.nalahealth.dog\/no\/app\/uploads\/2022\/09\/NH-Logo-low-kb.png\",\"contentUrl\":\"https:\/\/www.nalahealth.dog\/no\/app\/uploads\/2022\/09\/NH-Logo-low-kb.png\",\"width\":450,\"height\":525,\"caption\":\"Nala Health\"},{\"@type\":\"BreadcrumbList\",\"@id\":\"https:\/\/www.nalahealth.dog\/no\/hund-klor-mye\/#breadcrumb\",\"itemListElement\":[{\"@type\":\"ListItem\",\"position\":1,\"name\":\"Home\",\"item\":\"https:\/\/www.nalahealth.dog\/no\/\"},{\"@type\":\"ListItem\",\"position\":2,\"name\":\"Hund kl\u00f8r mye\"}]},{\"@type\":\"WebSite\",\"@id\":\"https:\/\/www.nalahealth.dog\/no\/#website\",\"url\":\"https:\/\/www.nalahealth.dog\/no\/\",\"name\":\"Nala Health\",\"description\":\"En sunn hund er en glad hund\",\"publisher\":{\"@id\":\"https:\/\/www.nalahealth.dog\/no\/#organization\"},\"potentialAction\":[{\"@type\":\"SearchAction\",\"target\":{\"@type\":\"EntryPoint\",\"urlTemplate\":\"https:\/\/www.nalahealth.dog\/no\/?s={search_term_string}\"},\"query-input\":{\"@type\":\"PropertyValueSpecification\",\"valueRequired\":true,\"valueName\":\"search_term_string\"}}],\"inLanguage\":\"nb-NO\"},{\"@type\":\"Organization\",\"@id\":\"https:\/\/www.nalahealth.dog\/no\/#organization\",\"name\":\"Nala Health\",\"url\":\"https:\/\/www.nalahealth.dog\/no\/\",\"logo\":{\"@type\":\"ImageObject\",\"inLanguage\":\"nb-NO\",\"@id\":\"https:\/\/www.nalahealth.dog\/no\/#\/schema\/logo\/image\/\",\"url\":\"https:\/\/www.nalahealth.dog\/no\/app\/uploads\/2022\/04\/cropped-logo_landscape.png\",\"contentUrl\":\"https:\/\/www.nalahealth.dog\/no\/app\/uploads\/2022\/04\/cropped-logo_landscape.png\",\"width\":171,\"height\":60,\"caption\":\"Nala Health\"},\"image\":{\"@id\":\"https:\/\/www.nalahealth.dog\/no\/#\/schema\/logo\/image\/\"},\"sameAs\":[\"https:\/\/www.facebook.com\/nala.health\"]}]}<\/script>\n<!-- \/ Yoast SEO plugin. -->","yoast_head_json":{"title":"Hund kl\u00f8r mye | Nala Health","description":"Hvis hunden din kl\u00f8r hele tiden, er du ikke alene. Vedvarende kl\u00f8e er et av de vanligste tegnene p\u00e5 f\u00f4rintoleranser og ubalanse i tarmen.","robots":{"index":"index","follow":"follow","max-snippet":"max-snippet:-1","max-image-preview":"max-image-preview:large","max-video-preview":"max-video-preview:-1"},"canonical":"https:\/\/www.nalahealth.dog\/no\/hund-klor-mye\/","og_locale":"nb_NO","og_type":"article","og_title":"Hund kl\u00f8r mye | Nala Health","og_description":"Hvis hunden din kl\u00f8r hele tiden, er du ikke alene. Vedvarende kl\u00f8e er et av de vanligste tegnene p\u00e5 f\u00f4rintoleranser og ubalanse i tarmen.","og_url":"https:\/\/www.nalahealth.dog\/no\/hund-klor-mye\/","og_site_name":"Nala Health","article_publisher":"https:\/\/www.facebook.com\/nala.health","article_modified_time":"2026-02-26T08:26:30+00:00","og_image":[{"width":450,"height":525,"url":"https:\/\/www.nalahealth.dog\/no\/app\/uploads\/2022\/09\/NH-Logo-low-kb.png","type":"image\/png"}],"twitter_card":"summary_large_image","twitter_misc":{"Est. reading time":"1 minutt"},"schema":{"@context":"https:\/\/schema.org","@graph":[{"@type":"WebPage","@id":"https:\/\/www.nalahealth.dog\/no\/hund-klor-mye\/","url":"https:\/\/www.nalahealth.dog\/no\/hund-klor-mye\/","name":"Hund kl\u00f8r mye | Nala Health","isPartOf":{"@id":"https:\/\/www.nalahealth.dog\/no\/#website"},"primaryImageOfPage":{"@id":"https:\/\/www.nalahealth.dog\/no\/hund-klor-mye\/#primaryimage"},"image":{"@id":"https:\/\/www.nalahealth.dog\/no\/hund-klor-mye\/#primaryimage"},"thumbnailUrl":"https:\/\/www.nalahealth.dog\/no\/app\/uploads\/2022\/09\/NH-Logo-low-kb.png","datePublished":"2026-02-26T07:49:12+00:00","dateModified":"2026-02-26T08:26:30+00:00","description":"Hvis hunden din kl\u00f8r hele tiden, er du ikke alene. Vedvarende kl\u00f8e er et av de vanligste tegnene p\u00e5 f\u00f4rintoleranser og ubalanse i tarmen.","breadcrumb":{"@id":"https:\/\/www.nalahealth.dog\/no\/hund-klor-mye\/#breadcrumb"},"inLanguage":"nb-NO","potentialAction":[{"@type":"ReadAction","target":["https:\/\/www.nalahealth.dog\/no\/hund-klor-mye\/"]}]},{"@type":"ImageObject","inLanguage":"nb-NO","@id":"https:\/\/www.nalahealth.dog\/no\/hund-klor-mye\/#primaryimage","url":"https:\/\/www.nalahealth.dog\/no\/app\/uploads\/2022\/09\/NH-Logo-low-kb.png","contentUrl":"https:\/\/www.nalahealth.dog\/no\/app\/uploads\/2022\/09\/NH-Logo-low-kb.png","width":450,"height":525,"caption":"Nala Health"},{"@type":"BreadcrumbList","@id":"https:\/\/www.nalahealth.dog\/no\/hund-klor-mye\/#breadcrumb","itemListElement":[{"@type":"ListItem","position":1,"name":"Home","item":"https:\/\/www.nalahealth.dog\/no\/"},{"@type":"ListItem","position":2,"name":"Hund kl\u00f8r mye"}]},{"@type":"WebSite","@id":"https:\/\/www.nalahealth.dog\/no\/#website","url":"https:\/\/www.nalahealth.dog\/no\/","name":"Nala Health","description":"En sunn hund er en glad hund","publisher":{"@id":"https:\/\/www.nalahealth.dog\/no\/#organization"},"potentialAction":[{"@type":"SearchAction","target":{"@type":"EntryPoint","urlTemplate":"https:\/\/www.nalahealth.dog\/no\/?s={search_term_string}"},"query-input":{"@type":"PropertyValueSpecification","valueRequired":true,"valueName":"search_term_string"}}],"inLanguage":"nb-NO"},{"@type":"Organization","@id":"https:\/\/www.nalahealth.dog\/no\/#organization","name":"Nala Health","url":"https:\/\/www.nalahealth.dog\/no\/","logo":{"@type":"ImageObject","inLanguage":"nb-NO","@id":"https:\/\/www.nalahealth.dog\/no\/#\/schema\/logo\/image\/","url":"https:\/\/www.nalahealth.dog\/no\/app\/uploads\/2022\/04\/cropped-logo_landscape.png","contentUrl":"https:\/\/www.nalahealth.dog\/no\/app\/uploads\/2022\/04\/cropped-logo_landscape.png","width":171,"height":60,"caption":"Nala Health"},"image":{"@id":"https:\/\/www.nalahealth.dog\/no\/#\/schema\/logo\/image\/"},"sameAs":["https:\/\/www.facebook.com\/nala.health"]}]}},"acf":[],"_links":{"self":[{"href":"https:\/\/www.nalahealth.dog\/no\/wp-json\/wp\/v2\/pages\/8626","targetHints":{"allow":["GET"]}}],"collection":[{"href":"https:\/\/www.nalahealth.dog\/no\/wp-json\/wp\/v2\/pages"}],"about":[{"href":"https:\/\/www.nalahealth.dog\/no\/wp-json\/wp\/v2\/types\/page"}],"author":[{"embeddable":true,"href":"https:\/\/www.nalahealth.dog\/no\/wp-json\/wp\/v2\/users\/2"}],"replies":[{"embeddable":true,"href":"https:\/\/www.nalahealth.dog\/no\/wp-json\/wp\/v2\/comments?post=8626"}],"version-history":[{"count":9,"href":"https:\/\/www.nalahealth.dog\/no\/wp-json\/wp\/v2\/pages\/8626\/revisions"}],"predecessor-version":[{"id":8640,"href":"https:\/\/www.nalahealth.dog\/no\/wp-json\/wp\/v2\/pages\/8626\/revisions\/8640"}],"wp:featuredmedia":[{"embeddable":true,"href":"https:\/\/www.nalahealth.dog\/no\/wp-json\/wp\/v2\/media\/1131"}],"wp:attachment":[{"href":"https:\/\/www.nalahealth.dog\/no\/wp-json\/wp\/v2\/media?parent=8626"}],"curies":[{"name":"wp","href":"https:\/\/api.w.org\/{rel}","templated":true}]}}