{"id":4262,"date":"2024-02-20T08:11:17","date_gmt":"2024-02-20T07:11:17","guid":{"rendered":"https:\/\/www.nalahealth.dog\/no\/?page_id=4262"},"modified":"2025-03-07T11:57:07","modified_gmt":"2025-03-07T10:57:07","slug":"nala-health-allergivennlig-for","status":"publish","type":"page","link":"https:\/\/www.nalahealth.dog\/no\/nala-health-allergivennlig-for\/","title":{"rendered":"Nala Health Allergivennlig F\u00f4r"},"content":{"rendered":"","protected":false},"excerpt":{"rendered":"","protected":false},"author":2,"featured_media":4166,"parent":0,"menu_order":0,"comment_status":"closed","ping_status":"closed","template":"templates\/dynamic.blade.php","meta":{"_acf_changed":false,"inline_featured_image":false,"footnotes":""},"class_list":["post-4262","page","type-page","status-publish","has-post-thumbnail","hentry"],"yoast_head":"<!-- This site is optimized with the Yoast SEO plugin v25.9 - https:\/\/yoast.com\/wordpress\/plugins\/seo\/ -->\n<title>Nala Health Allergivennlig F\u00f4r - Nala Health<\/title>\n<meta name=\"description\" content=\"N\u00f8ye utviklet hundemat tilpasset hunder med matallergi med protein fra sort soldatfluelarver - komplett og lett ford\u00f8yelig\" \/>\n<meta name=\"robots\" content=\"index, follow, max-snippet:-1, max-image-preview:large, max-video-preview:-1\" \/>\n<link rel=\"canonical\" href=\"https:\/\/www.nalahealth.dog\/no\/nala-health-allergivennlig-for\/\" \/>\n<meta property=\"og:locale\" content=\"nb_NO\" \/>\n<meta property=\"og:type\" content=\"article\" \/>\n<meta property=\"og:title\" content=\"Nala Health Allergivennlig F\u00f4r - Nala Health\" \/>\n<meta property=\"og:description\" content=\"N\u00f8ye utviklet hundemat tilpasset hunder med matallergi med protein fra sort soldatfluelarver - komplett og lett ford\u00f8yelig\" \/>\n<meta property=\"og:url\" content=\"https:\/\/www.nalahealth.dog\/no\/nala-health-allergivennlig-for\/\" \/>\n<meta property=\"og:site_name\" content=\"Nala Health\" \/>\n<meta property=\"article:publisher\" content=\"https:\/\/www.facebook.com\/nala.health\" \/>\n<meta property=\"article:modified_time\" content=\"2025-03-07T10:57:07+00:00\" \/>\n<meta property=\"og:image\" content=\"https:\/\/www.nalahealth.dog\/no\/app\/uploads\/2024\/02\/Puppy-all-breed-2.png\" \/>\n\t<meta property=\"og:image:width\" content=\"520\" \/>\n\t<meta property=\"og:image:height\" content=\"603\" \/>\n\t<meta property=\"og:image:type\" content=\"image\/png\" \/>\n<meta name=\"twitter:card\" content=\"summary_large_image\" \/>\n<meta name=\"twitter:label1\" content=\"Est. reading time\" \/>\n\t<meta name=\"twitter:data1\" content=\"1 minutt\" \/>\n<script type=\"application\/ld+json\" class=\"yoast-schema-graph\">{\"@context\":\"https:\/\/schema.org\",\"@graph\":[{\"@type\":\"WebPage\",\"@id\":\"https:\/\/www.nalahealth.dog\/no\/nala-health-allergivennlig-for\/\",\"url\":\"https:\/\/www.nalahealth.dog\/no\/nala-health-allergivennlig-for\/\",\"name\":\"Nala Health Allergivennlig F\u00f4r - Nala Health\",\"isPartOf\":{\"@id\":\"https:\/\/www.nalahealth.dog\/no\/#website\"},\"primaryImageOfPage\":{\"@id\":\"https:\/\/www.nalahealth.dog\/no\/nala-health-allergivennlig-for\/#primaryimage\"},\"image\":{\"@id\":\"https:\/\/www.nalahealth.dog\/no\/nala-health-allergivennlig-for\/#primaryimage\"},\"thumbnailUrl\":\"https:\/\/www.nalahealth.dog\/no\/app\/uploads\/2024\/02\/Puppy-all-breed-2.png\",\"datePublished\":\"2024-02-20T07:11:17+00:00\",\"dateModified\":\"2025-03-07T10:57:07+00:00\",\"description\":\"N\u00f8ye utviklet hundemat tilpasset hunder med matallergi med protein fra sort soldatfluelarver - komplett og lett ford\u00f8yelig\",\"breadcrumb\":{\"@id\":\"https:\/\/www.nalahealth.dog\/no\/nala-health-allergivennlig-for\/#breadcrumb\"},\"inLanguage\":\"nb-NO\",\"potentialAction\":[{\"@type\":\"ReadAction\",\"target\":[\"https:\/\/www.nalahealth.dog\/no\/nala-health-allergivennlig-for\/\"]}]},{\"@type\":\"ImageObject\",\"inLanguage\":\"nb-NO\",\"@id\":\"https:\/\/www.nalahealth.dog\/no\/nala-health-allergivennlig-for\/#primaryimage\",\"url\":\"https:\/\/www.nalahealth.dog\/no\/app\/uploads\/2024\/02\/Puppy-all-breed-2.png\",\"contentUrl\":\"https:\/\/www.nalahealth.dog\/no\/app\/uploads\/2024\/02\/Puppy-all-breed-2.png\",\"width\":520,\"height\":603,\"caption\":\"premium hundemat\"},{\"@type\":\"BreadcrumbList\",\"@id\":\"https:\/\/www.nalahealth.dog\/no\/nala-health-allergivennlig-for\/#breadcrumb\",\"itemListElement\":[{\"@type\":\"ListItem\",\"position\":1,\"name\":\"Home\",\"item\":\"https:\/\/www.nalahealth.dog\/no\/\"},{\"@type\":\"ListItem\",\"position\":2,\"name\":\"Nala Health Allergivennlig F\u00f4r\"}]},{\"@type\":\"WebSite\",\"@id\":\"https:\/\/www.nalahealth.dog\/no\/#website\",\"url\":\"https:\/\/www.nalahealth.dog\/no\/\",\"name\":\"Nala Health\",\"description\":\"En sunn hund er en glad hund\",\"publisher\":{\"@id\":\"https:\/\/www.nalahealth.dog\/no\/#organization\"},\"potentialAction\":[{\"@type\":\"SearchAction\",\"target\":{\"@type\":\"EntryPoint\",\"urlTemplate\":\"https:\/\/www.nalahealth.dog\/no\/?s={search_term_string}\"},\"query-input\":{\"@type\":\"PropertyValueSpecification\",\"valueRequired\":true,\"valueName\":\"search_term_string\"}}],\"inLanguage\":\"nb-NO\"},{\"@type\":\"Organization\",\"@id\":\"https:\/\/www.nalahealth.dog\/no\/#organization\",\"name\":\"Nala Health\",\"url\":\"https:\/\/www.nalahealth.dog\/no\/\",\"logo\":{\"@type\":\"ImageObject\",\"inLanguage\":\"nb-NO\",\"@id\":\"https:\/\/www.nalahealth.dog\/no\/#\/schema\/logo\/image\/\",\"url\":\"https:\/\/www.nalahealth.dog\/no\/app\/uploads\/2022\/04\/cropped-logo_landscape.png\",\"contentUrl\":\"https:\/\/www.nalahealth.dog\/no\/app\/uploads\/2022\/04\/cropped-logo_landscape.png\",\"width\":171,\"height\":60,\"caption\":\"Nala Health\"},\"image\":{\"@id\":\"https:\/\/www.nalahealth.dog\/no\/#\/schema\/logo\/image\/\"},\"sameAs\":[\"https:\/\/www.facebook.com\/nala.health\"]}]}<\/script>\n<!-- \/ Yoast SEO plugin. -->","yoast_head_json":{"title":"Nala Health Allergivennlig F\u00f4r - Nala Health","description":"N\u00f8ye utviklet hundemat tilpasset hunder med matallergi med protein fra sort soldatfluelarver - komplett og lett ford\u00f8yelig","robots":{"index":"index","follow":"follow","max-snippet":"max-snippet:-1","max-image-preview":"max-image-preview:large","max-video-preview":"max-video-preview:-1"},"canonical":"https:\/\/www.nalahealth.dog\/no\/nala-health-allergivennlig-for\/","og_locale":"nb_NO","og_type":"article","og_title":"Nala Health Allergivennlig F\u00f4r - Nala Health","og_description":"N\u00f8ye utviklet hundemat tilpasset hunder med matallergi med protein fra sort soldatfluelarver - komplett og lett ford\u00f8yelig","og_url":"https:\/\/www.nalahealth.dog\/no\/nala-health-allergivennlig-for\/","og_site_name":"Nala Health","article_publisher":"https:\/\/www.facebook.com\/nala.health","article_modified_time":"2025-03-07T10:57:07+00:00","og_image":[{"width":520,"height":603,"url":"https:\/\/www.nalahealth.dog\/no\/app\/uploads\/2024\/02\/Puppy-all-breed-2.png","type":"image\/png"}],"twitter_card":"summary_large_image","twitter_misc":{"Est. reading time":"1 minutt"},"schema":{"@context":"https:\/\/schema.org","@graph":[{"@type":"WebPage","@id":"https:\/\/www.nalahealth.dog\/no\/nala-health-allergivennlig-for\/","url":"https:\/\/www.nalahealth.dog\/no\/nala-health-allergivennlig-for\/","name":"Nala Health Allergivennlig F\u00f4r - Nala Health","isPartOf":{"@id":"https:\/\/www.nalahealth.dog\/no\/#website"},"primaryImageOfPage":{"@id":"https:\/\/www.nalahealth.dog\/no\/nala-health-allergivennlig-for\/#primaryimage"},"image":{"@id":"https:\/\/www.nalahealth.dog\/no\/nala-health-allergivennlig-for\/#primaryimage"},"thumbnailUrl":"https:\/\/www.nalahealth.dog\/no\/app\/uploads\/2024\/02\/Puppy-all-breed-2.png","datePublished":"2024-02-20T07:11:17+00:00","dateModified":"2025-03-07T10:57:07+00:00","description":"N\u00f8ye utviklet hundemat tilpasset hunder med matallergi med protein fra sort soldatfluelarver - komplett og lett ford\u00f8yelig","breadcrumb":{"@id":"https:\/\/www.nalahealth.dog\/no\/nala-health-allergivennlig-for\/#breadcrumb"},"inLanguage":"nb-NO","potentialAction":[{"@type":"ReadAction","target":["https:\/\/www.nalahealth.dog\/no\/nala-health-allergivennlig-for\/"]}]},{"@type":"ImageObject","inLanguage":"nb-NO","@id":"https:\/\/www.nalahealth.dog\/no\/nala-health-allergivennlig-for\/#primaryimage","url":"https:\/\/www.nalahealth.dog\/no\/app\/uploads\/2024\/02\/Puppy-all-breed-2.png","contentUrl":"https:\/\/www.nalahealth.dog\/no\/app\/uploads\/2024\/02\/Puppy-all-breed-2.png","width":520,"height":603,"caption":"premium hundemat"},{"@type":"BreadcrumbList","@id":"https:\/\/www.nalahealth.dog\/no\/nala-health-allergivennlig-for\/#breadcrumb","itemListElement":[{"@type":"ListItem","position":1,"name":"Home","item":"https:\/\/www.nalahealth.dog\/no\/"},{"@type":"ListItem","position":2,"name":"Nala Health Allergivennlig F\u00f4r"}]},{"@type":"WebSite","@id":"https:\/\/www.nalahealth.dog\/no\/#website","url":"https:\/\/www.nalahealth.dog\/no\/","name":"Nala Health","description":"En sunn hund er en glad hund","publisher":{"@id":"https:\/\/www.nalahealth.dog\/no\/#organization"},"potentialAction":[{"@type":"SearchAction","target":{"@type":"EntryPoint","urlTemplate":"https:\/\/www.nalahealth.dog\/no\/?s={search_term_string}"},"query-input":{"@type":"PropertyValueSpecification","valueRequired":true,"valueName":"search_term_string"}}],"inLanguage":"nb-NO"},{"@type":"Organization","@id":"https:\/\/www.nalahealth.dog\/no\/#organization","name":"Nala Health","url":"https:\/\/www.nalahealth.dog\/no\/","logo":{"@type":"ImageObject","inLanguage":"nb-NO","@id":"https:\/\/www.nalahealth.dog\/no\/#\/schema\/logo\/image\/","url":"https:\/\/www.nalahealth.dog\/no\/app\/uploads\/2022\/04\/cropped-logo_landscape.png","contentUrl":"https:\/\/www.nalahealth.dog\/no\/app\/uploads\/2022\/04\/cropped-logo_landscape.png","width":171,"height":60,"caption":"Nala Health"},"image":{"@id":"https:\/\/www.nalahealth.dog\/no\/#\/schema\/logo\/image\/"},"sameAs":["https:\/\/www.facebook.com\/nala.health"]}]}},"acf":[],"_links":{"self":[{"href":"https:\/\/www.nalahealth.dog\/no\/wp-json\/wp\/v2\/pages\/4262","targetHints":{"allow":["GET"]}}],"collection":[{"href":"https:\/\/www.nalahealth.dog\/no\/wp-json\/wp\/v2\/pages"}],"about":[{"href":"https:\/\/www.nalahealth.dog\/no\/wp-json\/wp\/v2\/types\/page"}],"author":[{"embeddable":true,"href":"https:\/\/www.nalahealth.dog\/no\/wp-json\/wp\/v2\/users\/2"}],"replies":[{"embeddable":true,"href":"https:\/\/www.nalahealth.dog\/no\/wp-json\/wp\/v2\/comments?post=4262"}],"version-history":[{"count":30,"href":"https:\/\/www.nalahealth.dog\/no\/wp-json\/wp\/v2\/pages\/4262\/revisions"}],"predecessor-version":[{"id":6680,"href":"https:\/\/www.nalahealth.dog\/no\/wp-json\/wp\/v2\/pages\/4262\/revisions\/6680"}],"wp:featuredmedia":[{"embeddable":true,"href":"https:\/\/www.nalahealth.dog\/no\/wp-json\/wp\/v2\/media\/4166"}],"wp:attachment":[{"href":"https:\/\/www.nalahealth.dog\/no\/wp-json\/wp\/v2\/media?parent=4262"}],"curies":[{"name":"wp","href":"https:\/\/api.w.org\/{rel}","templated":true}]}}