{"id":3983,"date":"2024-02-04T10:38:39","date_gmt":"2024-02-04T09:38:39","guid":{"rendered":"https:\/\/www.nalahealth.dog\/no\/?page_id=3983"},"modified":"2025-05-06T13:55:33","modified_gmt":"2025-05-06T11:55:33","slug":"nala-health-valpefor","status":"publish","type":"page","link":"https:\/\/www.nalahealth.dog\/no\/nala-health-valpefor\/","title":{"rendered":"Nala Health Valpef\u00f4r"},"content":{"rendered":"","protected":false},"excerpt":{"rendered":"","protected":false},"author":2,"featured_media":4024,"parent":0,"menu_order":0,"comment_status":"closed","ping_status":"closed","template":"templates\/dynamic.blade.php","meta":{"_acf_changed":false,"inline_featured_image":false,"footnotes":""},"class_list":["post-3983","page","type-page","status-publish","has-post-thumbnail","hentry"],"yoast_head":"<!-- This site is optimized with the Yoast SEO plugin v25.9 - https:\/\/yoast.com\/wordpress\/plugins\/seo\/ -->\n<title>Nala Health Valpef\u00f4r<\/title>\n<meta name=\"description\" content=\"N\u00f8ye utvalgte ingredienser tilpasset valpen din sine behov for \u00e5 gi den en sunn start p\u00e5 livet med DHA omega 3 og insektprotein.\" \/>\n<meta name=\"robots\" content=\"index, follow, max-snippet:-1, max-image-preview:large, max-video-preview:-1\" \/>\n<link rel=\"canonical\" href=\"https:\/\/www.nalahealth.dog\/no\/nala-health-valpefor\/\" \/>\n<meta property=\"og:locale\" content=\"nb_NO\" \/>\n<meta property=\"og:type\" content=\"article\" \/>\n<meta property=\"og:title\" content=\"Nala Health Valpef\u00f4r\" \/>\n<meta property=\"og:description\" content=\"N\u00f8ye utvalgte ingredienser tilpasset valpen din sine behov for \u00e5 gi den en sunn start p\u00e5 livet med DHA omega 3 og insektprotein.\" \/>\n<meta property=\"og:url\" content=\"https:\/\/www.nalahealth.dog\/no\/nala-health-valpefor\/\" \/>\n<meta property=\"og:site_name\" content=\"Nala Health\" \/>\n<meta property=\"article:publisher\" content=\"https:\/\/www.facebook.com\/nala.health\" \/>\n<meta property=\"article:modified_time\" content=\"2025-05-06T11:55:33+00:00\" \/>\n<meta property=\"og:image\" content=\"https:\/\/www.nalahealth.dog\/no\/app\/uploads\/2024\/02\/Puppy-all-breed-1.png\" \/>\n\t<meta property=\"og:image:width\" content=\"520\" \/>\n\t<meta property=\"og:image:height\" content=\"603\" \/>\n\t<meta property=\"og:image:type\" content=\"image\/png\" \/>\n<meta name=\"twitter:card\" content=\"summary_large_image\" \/>\n<meta name=\"twitter:label1\" content=\"Est. reading time\" \/>\n\t<meta name=\"twitter:data1\" content=\"1 minutt\" \/>\n<script type=\"application\/ld+json\" class=\"yoast-schema-graph\">{\"@context\":\"https:\/\/schema.org\",\"@graph\":[{\"@type\":\"WebPage\",\"@id\":\"https:\/\/www.nalahealth.dog\/no\/nala-health-valpefor\/\",\"url\":\"https:\/\/www.nalahealth.dog\/no\/nala-health-valpefor\/\",\"name\":\"Nala Health Valpef\u00f4r\",\"isPartOf\":{\"@id\":\"https:\/\/www.nalahealth.dog\/no\/#website\"},\"primaryImageOfPage\":{\"@id\":\"https:\/\/www.nalahealth.dog\/no\/nala-health-valpefor\/#primaryimage\"},\"image\":{\"@id\":\"https:\/\/www.nalahealth.dog\/no\/nala-health-valpefor\/#primaryimage\"},\"thumbnailUrl\":\"https:\/\/www.nalahealth.dog\/no\/app\/uploads\/2024\/02\/Puppy-all-breed-1.png\",\"datePublished\":\"2024-02-04T09:38:39+00:00\",\"dateModified\":\"2025-05-06T11:55:33+00:00\",\"description\":\"N\u00f8ye utvalgte ingredienser tilpasset valpen din sine behov for \u00e5 gi den en sunn start p\u00e5 livet med DHA omega 3 og insektprotein.\",\"breadcrumb\":{\"@id\":\"https:\/\/www.nalahealth.dog\/no\/nala-health-valpefor\/#breadcrumb\"},\"inLanguage\":\"nb-NO\",\"potentialAction\":[{\"@type\":\"ReadAction\",\"target\":[\"https:\/\/www.nalahealth.dog\/no\/nala-health-valpefor\/\"]}]},{\"@type\":\"ImageObject\",\"inLanguage\":\"nb-NO\",\"@id\":\"https:\/\/www.nalahealth.dog\/no\/nala-health-valpefor\/#primaryimage\",\"url\":\"https:\/\/www.nalahealth.dog\/no\/app\/uploads\/2024\/02\/Puppy-all-breed-1.png\",\"contentUrl\":\"https:\/\/www.nalahealth.dog\/no\/app\/uploads\/2024\/02\/Puppy-all-breed-1.png\",\"width\":520,\"height\":603,\"caption\":\"Valpef\u00f4r\"},{\"@type\":\"BreadcrumbList\",\"@id\":\"https:\/\/www.nalahealth.dog\/no\/nala-health-valpefor\/#breadcrumb\",\"itemListElement\":[{\"@type\":\"ListItem\",\"position\":1,\"name\":\"Home\",\"item\":\"https:\/\/www.nalahealth.dog\/no\/\"},{\"@type\":\"ListItem\",\"position\":2,\"name\":\"Nala Health Valpef\u00f4r\"}]},{\"@type\":\"WebSite\",\"@id\":\"https:\/\/www.nalahealth.dog\/no\/#website\",\"url\":\"https:\/\/www.nalahealth.dog\/no\/\",\"name\":\"Nala Health\",\"description\":\"En sunn hund er en glad hund\",\"publisher\":{\"@id\":\"https:\/\/www.nalahealth.dog\/no\/#organization\"},\"potentialAction\":[{\"@type\":\"SearchAction\",\"target\":{\"@type\":\"EntryPoint\",\"urlTemplate\":\"https:\/\/www.nalahealth.dog\/no\/?s={search_term_string}\"},\"query-input\":{\"@type\":\"PropertyValueSpecification\",\"valueRequired\":true,\"valueName\":\"search_term_string\"}}],\"inLanguage\":\"nb-NO\"},{\"@type\":\"Organization\",\"@id\":\"https:\/\/www.nalahealth.dog\/no\/#organization\",\"name\":\"Nala Health\",\"url\":\"https:\/\/www.nalahealth.dog\/no\/\",\"logo\":{\"@type\":\"ImageObject\",\"inLanguage\":\"nb-NO\",\"@id\":\"https:\/\/www.nalahealth.dog\/no\/#\/schema\/logo\/image\/\",\"url\":\"https:\/\/www.nalahealth.dog\/no\/app\/uploads\/2022\/04\/cropped-logo_landscape.png\",\"contentUrl\":\"https:\/\/www.nalahealth.dog\/no\/app\/uploads\/2022\/04\/cropped-logo_landscape.png\",\"width\":171,\"height\":60,\"caption\":\"Nala Health\"},\"image\":{\"@id\":\"https:\/\/www.nalahealth.dog\/no\/#\/schema\/logo\/image\/\"},\"sameAs\":[\"https:\/\/www.facebook.com\/nala.health\"]}]}<\/script>\n<!-- \/ Yoast SEO plugin. -->","yoast_head_json":{"title":"Nala Health Valpef\u00f4r","description":"N\u00f8ye utvalgte ingredienser tilpasset valpen din sine behov for \u00e5 gi den en sunn start p\u00e5 livet med DHA omega 3 og insektprotein.","robots":{"index":"index","follow":"follow","max-snippet":"max-snippet:-1","max-image-preview":"max-image-preview:large","max-video-preview":"max-video-preview:-1"},"canonical":"https:\/\/www.nalahealth.dog\/no\/nala-health-valpefor\/","og_locale":"nb_NO","og_type":"article","og_title":"Nala Health Valpef\u00f4r","og_description":"N\u00f8ye utvalgte ingredienser tilpasset valpen din sine behov for \u00e5 gi den en sunn start p\u00e5 livet med DHA omega 3 og insektprotein.","og_url":"https:\/\/www.nalahealth.dog\/no\/nala-health-valpefor\/","og_site_name":"Nala Health","article_publisher":"https:\/\/www.facebook.com\/nala.health","article_modified_time":"2025-05-06T11:55:33+00:00","og_image":[{"width":520,"height":603,"url":"https:\/\/www.nalahealth.dog\/no\/app\/uploads\/2024\/02\/Puppy-all-breed-1.png","type":"image\/png"}],"twitter_card":"summary_large_image","twitter_misc":{"Est. reading time":"1 minutt"},"schema":{"@context":"https:\/\/schema.org","@graph":[{"@type":"WebPage","@id":"https:\/\/www.nalahealth.dog\/no\/nala-health-valpefor\/","url":"https:\/\/www.nalahealth.dog\/no\/nala-health-valpefor\/","name":"Nala Health Valpef\u00f4r","isPartOf":{"@id":"https:\/\/www.nalahealth.dog\/no\/#website"},"primaryImageOfPage":{"@id":"https:\/\/www.nalahealth.dog\/no\/nala-health-valpefor\/#primaryimage"},"image":{"@id":"https:\/\/www.nalahealth.dog\/no\/nala-health-valpefor\/#primaryimage"},"thumbnailUrl":"https:\/\/www.nalahealth.dog\/no\/app\/uploads\/2024\/02\/Puppy-all-breed-1.png","datePublished":"2024-02-04T09:38:39+00:00","dateModified":"2025-05-06T11:55:33+00:00","description":"N\u00f8ye utvalgte ingredienser tilpasset valpen din sine behov for \u00e5 gi den en sunn start p\u00e5 livet med DHA omega 3 og insektprotein.","breadcrumb":{"@id":"https:\/\/www.nalahealth.dog\/no\/nala-health-valpefor\/#breadcrumb"},"inLanguage":"nb-NO","potentialAction":[{"@type":"ReadAction","target":["https:\/\/www.nalahealth.dog\/no\/nala-health-valpefor\/"]}]},{"@type":"ImageObject","inLanguage":"nb-NO","@id":"https:\/\/www.nalahealth.dog\/no\/nala-health-valpefor\/#primaryimage","url":"https:\/\/www.nalahealth.dog\/no\/app\/uploads\/2024\/02\/Puppy-all-breed-1.png","contentUrl":"https:\/\/www.nalahealth.dog\/no\/app\/uploads\/2024\/02\/Puppy-all-breed-1.png","width":520,"height":603,"caption":"Valpef\u00f4r"},{"@type":"BreadcrumbList","@id":"https:\/\/www.nalahealth.dog\/no\/nala-health-valpefor\/#breadcrumb","itemListElement":[{"@type":"ListItem","position":1,"name":"Home","item":"https:\/\/www.nalahealth.dog\/no\/"},{"@type":"ListItem","position":2,"name":"Nala Health Valpef\u00f4r"}]},{"@type":"WebSite","@id":"https:\/\/www.nalahealth.dog\/no\/#website","url":"https:\/\/www.nalahealth.dog\/no\/","name":"Nala Health","description":"En sunn hund er en glad hund","publisher":{"@id":"https:\/\/www.nalahealth.dog\/no\/#organization"},"potentialAction":[{"@type":"SearchAction","target":{"@type":"EntryPoint","urlTemplate":"https:\/\/www.nalahealth.dog\/no\/?s={search_term_string}"},"query-input":{"@type":"PropertyValueSpecification","valueRequired":true,"valueName":"search_term_string"}}],"inLanguage":"nb-NO"},{"@type":"Organization","@id":"https:\/\/www.nalahealth.dog\/no\/#organization","name":"Nala Health","url":"https:\/\/www.nalahealth.dog\/no\/","logo":{"@type":"ImageObject","inLanguage":"nb-NO","@id":"https:\/\/www.nalahealth.dog\/no\/#\/schema\/logo\/image\/","url":"https:\/\/www.nalahealth.dog\/no\/app\/uploads\/2022\/04\/cropped-logo_landscape.png","contentUrl":"https:\/\/www.nalahealth.dog\/no\/app\/uploads\/2022\/04\/cropped-logo_landscape.png","width":171,"height":60,"caption":"Nala Health"},"image":{"@id":"https:\/\/www.nalahealth.dog\/no\/#\/schema\/logo\/image\/"},"sameAs":["https:\/\/www.facebook.com\/nala.health"]}]}},"acf":[],"_links":{"self":[{"href":"https:\/\/www.nalahealth.dog\/no\/wp-json\/wp\/v2\/pages\/3983","targetHints":{"allow":["GET"]}}],"collection":[{"href":"https:\/\/www.nalahealth.dog\/no\/wp-json\/wp\/v2\/pages"}],"about":[{"href":"https:\/\/www.nalahealth.dog\/no\/wp-json\/wp\/v2\/types\/page"}],"author":[{"embeddable":true,"href":"https:\/\/www.nalahealth.dog\/no\/wp-json\/wp\/v2\/users\/2"}],"replies":[{"embeddable":true,"href":"https:\/\/www.nalahealth.dog\/no\/wp-json\/wp\/v2\/comments?post=3983"}],"version-history":[{"count":78,"href":"https:\/\/www.nalahealth.dog\/no\/wp-json\/wp\/v2\/pages\/3983\/revisions"}],"predecessor-version":[{"id":7063,"href":"https:\/\/www.nalahealth.dog\/no\/wp-json\/wp\/v2\/pages\/3983\/revisions\/7063"}],"wp:featuredmedia":[{"embeddable":true,"href":"https:\/\/www.nalahealth.dog\/no\/wp-json\/wp\/v2\/media\/4024"}],"wp:attachment":[{"href":"https:\/\/www.nalahealth.dog\/no\/wp-json\/wp\/v2\/media?parent=3983"}],"curies":[{"name":"wp","href":"https:\/\/api.w.org\/{rel}","templated":true}]}}